{"id":431,"date":"2014-08-08T16:46:51","date_gmt":"2014-08-08T14:46:51","guid":{"rendered":"http:\/\/www.zl-lader1234567.c63.eu\/?page_id=431"},"modified":"2015-03-01T14:39:35","modified_gmt":"2015-03-01T13:39:35","slug":"impressu","status":"publish","type":"page","link":"https:\/\/www.zl-lader.com\/?page_id=431","title":{"rendered":"Impressum"},"content":{"rendered":"<h3><em>Heinze &amp; S\u00f6hne GmbH<\/em><\/h3>\n<p>Walkm\u00fchlenweg 11<br \/>\nD-98617 Meiningen<br \/>\nGesch\u00e4ftsf\u00fchrer Gerd Heinze<\/p>\n<p><em><strong>Kontakt<\/strong><\/em><br \/>\nTel. 03693 \u2013 50 40 50<br \/>\nFax 03693 \u2013 50 40 52<br \/>\nMobil 0170 \u2013 2 23 32 71<br \/>\nEmail <a href=\"mailto:info@zl-lader.com\">info@zl-lader.com<\/a><\/p>\n<p><strong>Unsere \u00d6ffnungszeiten:<\/strong><\/p>\n<p>Montag &#8211; Freitag 08:00 &#8211; 17:00 Uhr oder nach telefonischer Absprache<\/p>\n<p><em><strong>Gesch\u00e4ftsf\u00fchrer <\/strong><\/em><br \/>\nGerd Heinze<\/p>\n<p><strong><em>Eintragung Handelsregister <\/em><\/strong><br \/>\nAmtsgericht Jena<br \/>\nHRB 504436<\/p>\n<p><em><strong>Umsatzsteuer-ID Nummer<\/strong><\/em><br \/>\nDE266666659<\/p>\n<p><em><strong>Bildnachweis<\/strong><\/em><br \/>\n\u2022 eigene<\/p>\n<p><em><strong>Disclaimer<\/strong><\/em><br \/>\nUnser Angebot enth\u00e4lt Links zu externen Webseiten Dritter, auf deren Inhalte wir keinen Einfluss haben. Deshalb k\u00f6nnen wir f\u00fcr diese fremden Inhalte auch keine Gew\u00e4hr \u00fcbernehmen. F\u00fcr die Inhalte der verlinkten Seiten ist stets der jeweilige Anbieter oder Betreiber der Seiten verantwortlich. Die verlinkten Seiten wurden zum Zeitpunkt der Verlinkung auf m\u00f6gliche Rechtsverst\u00f6\u00dfe \u00fcberpr\u00fcft. Rechtswidrige Inhalte waren zum Zeitpunkt der Verlinkung nicht erkennbar. Eine permanente inhaltliche Kontrolle der verlinkten Seiten ist jedoch ohne konkrete Anhaltspunkte einer Rechtsverletzung nicht zumutbar. Bei bekannt werden von Rechtsverletzungen werden wir derartige Links umgehend entfernen.<\/p>\n","protected":false},"excerpt":{"rendered":"<p>Heinze &amp; S\u00f6hne GmbH Walkm\u00fchlenweg 11 D-98617 Meiningen Gesch\u00e4ftsf\u00fchrer Gerd Heinze Kontakt Tel. 03693 \u2013 50 40 50 Fax 03693 \u2013 50 40 52 Mobil 0170 \u2013 2 23 32 71 Email info@zl-lader.com Unsere \u00d6ffnungszeiten: Montag &#8211; Freitag 08:00 &#8211; 17:00 Uhr oder nach telefonischer Absprache Gesch\u00e4ftsf\u00fchrer Gerd Heinze Eintragung Handelsregister Amtsgericht Jena HRB 504436<\/p>\n","protected":false},"author":1,"featured_media":0,"parent":0,"menu_order":0,"comment_status":"open","ping_status":"open","template":"","meta":[],"yoast_head":"<!-- This site is optimized with the Yoast SEO plugin v15.6.2 - https:\/\/yoast.com\/wordpress\/plugins\/seo\/ -->\n<meta name=\"robots\" content=\"index, follow, max-snippet:-1, max-image-preview:large, max-video-preview:-1\" \/>\n<link rel=\"canonical\" href=\"https:\/\/www.zl-lader.com\/?page_id=431\" \/>\n<meta property=\"og:locale\" content=\"de_DE\" \/>\n<meta property=\"og:type\" content=\"article\" \/>\n<meta property=\"og:title\" content=\"Impressum - ZL Lader - Everun Hoflader\" \/>\n<meta property=\"og:description\" content=\"Heinze &amp; S\u00f6hne GmbH Walkm\u00fchlenweg 11 D-98617 Meiningen Gesch\u00e4ftsf\u00fchrer Gerd Heinze Kontakt Tel. 03693 \u2013 50 40 50 Fax 03693 \u2013 50 40 52 Mobil 0170 \u2013 2 23 32 71 Email info@zl-lader.com Unsere \u00d6ffnungszeiten: Montag &#8211; Freitag 08:00 &#8211; 17:00 Uhr oder nach telefonischer Absprache Gesch\u00e4ftsf\u00fchrer Gerd Heinze Eintragung Handelsregister Amtsgericht Jena HRB 504436\" \/>\n<meta property=\"og:url\" content=\"https:\/\/www.zl-lader.com\/?page_id=431\" \/>\n<meta property=\"og:site_name\" content=\"ZL Lader - Everun Hoflader\" \/>\n<meta property=\"article:modified_time\" content=\"2015-03-01T13:39:35+00:00\" \/>\n<meta name=\"twitter:label1\" content=\"Gesch\u00e4tzte Lesezeit\">\n\t<meta name=\"twitter:data1\" content=\"1\u00a0Minute\">\n<script type=\"application\/ld+json\" class=\"yoast-schema-graph\">{\"@context\":\"https:\/\/schema.org\",\"@graph\":[{\"@type\":\"WebSite\",\"@id\":\"https:\/\/www.zl-lader.com\/#website\",\"url\":\"https:\/\/www.zl-lader.com\/\",\"name\":\"ZL Lader - Everun Hoflader\",\"description\":\"\",\"potentialAction\":[{\"@type\":\"SearchAction\",\"target\":\"https:\/\/www.zl-lader.com\/?s={search_term_string}\",\"query-input\":\"required name=search_term_string\"}],\"inLanguage\":\"de\"},{\"@type\":\"WebPage\",\"@id\":\"https:\/\/www.zl-lader.com\/?page_id=431#webpage\",\"url\":\"https:\/\/www.zl-lader.com\/?page_id=431\",\"name\":\"Impressum - ZL Lader - Everun Hoflader\",\"isPartOf\":{\"@id\":\"https:\/\/www.zl-lader.com\/#website\"},\"datePublished\":\"2014-08-08T14:46:51+00:00\",\"dateModified\":\"2015-03-01T13:39:35+00:00\",\"inLanguage\":\"de\",\"potentialAction\":[{\"@type\":\"ReadAction\",\"target\":[\"https:\/\/www.zl-lader.com\/?page_id=431\"]}]}]}<\/script>\n<!-- \/ Yoast SEO plugin. -->","_links":{"self":[{"href":"https:\/\/www.zl-lader.com\/index.php?rest_route=\/wp\/v2\/pages\/431"}],"collection":[{"href":"https:\/\/www.zl-lader.com\/index.php?rest_route=\/wp\/v2\/pages"}],"about":[{"href":"https:\/\/www.zl-lader.com\/index.php?rest_route=\/wp\/v2\/types\/page"}],"author":[{"embeddable":true,"href":"https:\/\/www.zl-lader.com\/index.php?rest_route=\/wp\/v2\/users\/1"}],"replies":[{"embeddable":true,"href":"https:\/\/www.zl-lader.com\/index.php?rest_route=%2Fwp%2Fv2%2Fcomments&post=431"}],"version-history":[{"count":3,"href":"https:\/\/www.zl-lader.com\/index.php?rest_route=\/wp\/v2\/pages\/431\/revisions"}],"predecessor-version":[{"id":613,"href":"https:\/\/www.zl-lader.com\/index.php?rest_route=\/wp\/v2\/pages\/431\/revisions\/613"}],"wp:attachment":[{"href":"https:\/\/www.zl-lader.com\/index.php?rest_route=%2Fwp%2Fv2%2Fmedia&parent=431"}],"curies":[{"name":"wp","href":"https:\/\/api.w.org\/{rel}","templated":true}]}}